{"id":7722,"date":"2022-06-29T15:25:35","date_gmt":"2022-06-29T15:25:35","guid":{"rendered":"https:\/\/lloyds.ldev.dcmac.it\/?page_id=7722"},"modified":"2022-07-12T10:43:22","modified_gmt":"2022-07-12T08:43:22","slug":"hotel","status":"publish","type":"page","link":"https:\/\/lloyds.ldev.dcmac.it\/?page_id=7722","title":{"rendered":"Hotel"},"content":{"rendered":"\t\t<div data-elementor-type=\"wp-page\" data-elementor-id=\"7722\" class=\"elementor elementor-7722\" data-elementor-post-type=\"page\">\n\t\t\t\t\t\t<section class=\"elementor-section elementor-top-section elementor-element elementor-element-cf051aa elementor-section-full_width elementor-section-stretched elementor-section-height-default elementor-section-height-default\" data-id=\"cf051aa\" data-element_type=\"section\" data-settings=\"{&quot;stretch_section&quot;:&quot;section-stretched&quot;}\">\n\t\t\t\t\t\t<div class=\"elementor-container elementor-column-gap-default\">\n\t\t\t\t\t<div class=\"elementor-column elementor-col-100 elementor-top-column elementor-element elementor-element-46acb7d ot-flex-column-vertical\" data-id=\"46acb7d\" data-element_type=\"column\" data-settings=\"{&quot;background_background&quot;:&quot;classic&quot;}\">\n\t\t\t<div class=\"elementor-widget-wrap elementor-element-populated\">\n\t\t\t\t\t<div class=\"elementor-background-overlay\"><\/div>\n\t\t\t\t\t\t<div class=\"elementor-element elementor-element-2b68488 elementor-widget elementor-widget-heading\" data-id=\"2b68488\" data-element_type=\"widget\" data-widget_type=\"heading.default\">\n\t\t\t\t<div class=\"elementor-widget-container\">\n\t\t\t\t\t<h1 class=\"elementor-heading-title elementor-size-default\">Hotel<\/h1>\t\t\t\t<\/div>\n\t\t\t\t<\/div>\n\t\t\t\t\t<\/div>\n\t\t<\/div>\n\t\t\t\t\t<\/div>\n\t\t<\/section>\n\t\t\t\t<section class=\"elementor-section elementor-top-section elementor-element elementor-element-7ee51ab elementor-section-boxed elementor-section-height-default elementor-section-height-default\" data-id=\"7ee51ab\" data-element_type=\"section\">\n\t\t\t\t\t\t<div class=\"elementor-container elementor-column-gap-default\">\n\t\t\t\t\t<div class=\"elementor-column elementor-col-100 elementor-top-column elementor-element elementor-element-e9c712e ot-flex-column-vertical\" data-id=\"e9c712e\" data-element_type=\"column\">\n\t\t\t<div class=\"elementor-widget-wrap elementor-element-populated\">\n\t\t\t\t\t\t<section class=\"elementor-section elementor-inner-section elementor-element elementor-element-46b0a5a elementor-section-boxed elementor-section-height-default elementor-section-height-default\" data-id=\"46b0a5a\" data-element_type=\"section\">\n\t\t\t\t\t\t<div class=\"elementor-container elementor-column-gap-default\">\n\t\t\t\t\t<div class=\"elementor-column elementor-col-100 elementor-inner-column elementor-element elementor-element-4bfbb65 ot-flex-column-vertical\" data-id=\"4bfbb65\" data-element_type=\"column\">\n\t\t\t<div class=\"elementor-widget-wrap elementor-element-populated\">\n\t\t\t\t\t\t<div class=\"elementor-element elementor-element-e689c85 elementor-widget elementor-widget-text-editor\" data-id=\"e689c85\" data-element_type=\"widget\" data-widget_type=\"text-editor.default\">\n\t\t\t\t<div class=\"elementor-widget-container\">\n\t\t\t\t\t\t\t\t\t<p>Lo charme impareggiabile della Costiera Amalfitana merita un soggiorno adeguato per apprezzare al massimo questo mirabile esempio di paesaggio mediterraneo, amato dai turisti di tutto il mondo e dichiarato <strong>Patrimonio Unesco<\/strong>\u00a0per la sua unicit\u00e0. \u00c8 qui che sorge il\u00a0<strong>Lloyd\u2019s Baia<\/strong>, hotel 4 stelle a\u00a0<strong>Vietri sul Mare<\/strong>, dotato di meravigliosa spiaggia privata, area fitness e tre ristoranti che esaltano i sapori tipici della cucina locale.<\/p><p>Questo albergo \u00e8 meta del jet set internazionale sin dal 1955: Vip, artisti, poeti e letterati hanno scelto di fermarsi qui per lasciarsi sedurre dal\u00a0<strong>fascino eterno<\/strong>\u00a0di un luogo senza tempo. Il Lloyd\u2019s Baia esaudisce il desiderio di esclusivit\u00e0 e relax dei viaggiatori pi\u00f9 selettivi in virt\u00f9 dello stile ricercato della dimora, dell\u2019invidiabile vista sul Golfo di Salerno e sui faraglioni di Vietri e\u00a0<strong>dell\u2019accurata gamma di servizi concepiti per ogni esigenza.<\/strong><\/p><p>Le tonalit\u00e0 della natura che caratterizzano questo tratto di costa dominano anche negli ambienti dell\u2019hotel: il blu profondo del mare, il celeste del cielo, il rosso del corallo e il giallo delle ginestre sono evocati dagli arredi delle camere, impreziosite dalle pregiate ceramiche vietresi, un omaggio alla tradizione artigianale del luogo. Le\u00a0<strong>terrazze con vista sul mare<\/strong>\u00a0invitano ad assaporare il panorama e invogliano a esplorare le localit\u00e0 che punteggiano il paesaggio, come Amalfi, Maiori, Minori, Ravello, Positano e Salerno.<\/p><p>La\u00a0<strong>spiaggia privata dell\u2019hotel<\/strong>\u00a0\u00e8 raggiungibile comodamente con gli ascensori panoramici, il modo pi\u00f9 chic per andare a mare e rientrare in camera in qualsiasi momento.<\/p><p>Il Lloyd\u2019s Baia Hotel \u00e8 una\u00a0<strong>gemma preziosa<\/strong>\u00a0che corona un luogo meraviglioso, sei pronto a vivere un\u2019esperienza memorabile?<\/p>\t\t\t\t\t\t\t\t<\/div>\n\t\t\t\t<\/div>\n\t\t\t\t\t<\/div>\n\t\t<\/div>\n\t\t\t\t\t<\/div>\n\t\t<\/section>\n\t\t\t\t\t<\/div>\n\t\t<\/div>\n\t\t\t\t\t<\/div>\n\t\t<\/section>\n\t\t\t\t<section class=\"elementor-section elementor-top-section elementor-element elementor-element-3de73ce elementor-section-boxed elementor-section-height-default elementor-section-height-default\" data-id=\"3de73ce\" data-element_type=\"section\">\n\t\t\t\t\t\t<div class=\"elementor-container elementor-column-gap-default\">\n\t\t\t\t\t<div class=\"elementor-column elementor-col-100 elementor-top-column elementor-element elementor-element-1706b1a ot-flex-column-vertical\" data-id=\"1706b1a\" data-element_type=\"column\">\n\t\t\t<div class=\"elementor-widget-wrap elementor-element-populated\">\n\t\t\t\t\t\t<div class=\"elementor-element elementor-element-67e71a9 elementor-align-center elementor-widget elementor-widget-ibutton\" data-id=\"67e71a9\" data-element_type=\"widget\" data-widget_type=\"ibutton.default\">\n\t\t\t\t<div class=\"elementor-widget-container\">\n\t\t\t\t\t\t\t<div class=\"ot-button\">\r\n\t\t\t<a href=\"https:\/\/lloyds.ldev.dcmac.it\/#scopri\" class=\"octf-btn octf-btn-dark\">INDIETRO<\/a>\r\n\t    <\/div>\r\n\t    \t\t\t\t<\/div>\n\t\t\t\t<\/div>\n\t\t\t\t\t<\/div>\n\t\t<\/div>\n\t\t\t\t\t<\/div>\n\t\t<\/section>\n\t\t\t\t<\/div>\n\t\t","protected":false},"excerpt":{"rendered":"<p>Hotel Lo charme impareggiabile della Costiera Amalfitana merita un soggiorno adeguato per apprezzare al massimo questo mirabile esempio di paesaggio mediterraneo, amato dai turisti di tutto il mondo e dichiarato Patrimonio Unesco\u00a0per la sua unicit\u00e0. \u00c8 qui che sorge il\u00a0Lloyd\u2019s Baia, hotel 4 stelle a\u00a0Vietri sul Mare, dotato di meravigliosa spiaggia privata, area fitness e [&hellip;]<\/p>\n","protected":false},"author":1,"featured_media":0,"parent":0,"menu_order":0,"comment_status":"closed","ping_status":"open","template":"","meta":{"footnotes":""},"class_list":["post-7722","page","type-page","status-publish","hentry"],"lang":"it","translations":{"it":7722,"en":9030},"pll_sync_post":[],"_links":{"self":[{"href":"https:\/\/lloyds.ldev.dcmac.it\/index.php?rest_route=\/wp\/v2\/pages\/7722","targetHints":{"allow":["GET"]}}],"collection":[{"href":"https:\/\/lloyds.ldev.dcmac.it\/index.php?rest_route=\/wp\/v2\/pages"}],"about":[{"href":"https:\/\/lloyds.ldev.dcmac.it\/index.php?rest_route=\/wp\/v2\/types\/page"}],"author":[{"embeddable":true,"href":"https:\/\/lloyds.ldev.dcmac.it\/index.php?rest_route=\/wp\/v2\/users\/1"}],"replies":[{"embeddable":true,"href":"https:\/\/lloyds.ldev.dcmac.it\/index.php?rest_route=%2Fwp%2Fv2%2Fcomments&post=7722"}],"version-history":[{"count":30,"href":"https:\/\/lloyds.ldev.dcmac.it\/index.php?rest_route=\/wp\/v2\/pages\/7722\/revisions"}],"predecessor-version":[{"id":9004,"href":"https:\/\/lloyds.ldev.dcmac.it\/index.php?rest_route=\/wp\/v2\/pages\/7722\/revisions\/9004"}],"wp:attachment":[{"href":"https:\/\/lloyds.ldev.dcmac.it\/index.php?rest_route=%2Fwp%2Fv2%2Fmedia&parent=7722"}],"curies":[{"name":"wp","href":"https:\/\/api.w.org\/{rel}","templated":true}]}}